{"id":248,"date":"2023-03-01T09:29:25","date_gmt":"2023-03-01T08:29:25","guid":{"rendered":"http:\/\/paysdesabbayes.com\/?page_id=248"},"modified":"2023-03-29T14:34:45","modified_gmt":"2023-03-29T12:34:45","slug":"la-chapelotte","status":"publish","type":"page","link":"http:\/\/paysdesabbayes.com\/?page_id=248","title":{"rendered":"La Chapelotte"},"content":{"rendered":"\t\t<div data-elementor-type=\"wp-page\" data-elementor-id=\"248\" class=\"elementor elementor-248\">\n\t\t\t\t\t\t\t\t\t<section class=\"elementor-section elementor-top-section elementor-element elementor-element-5088e6cd elementor-section-full_width elementor-section-height-default elementor-section-height-default\" data-id=\"5088e6cd\" data-element_type=\"section\">\n\t\t\t\t\t\t<div class=\"elementor-container elementor-column-gap-no\">\n\t\t\t\t\t<div class=\"elementor-column elementor-col-100 elementor-top-column elementor-element elementor-element-fe7e091\" data-id=\"fe7e091\" data-element_type=\"column\">\n\t\t\t<div class=\"elementor-widget-wrap elementor-element-populated\">\n\t\t\t\t\t\t\t\t<div class=\"elementor-element elementor-element-2be69a09 elementor-widget elementor-widget-heading\" data-id=\"2be69a09\" data-element_type=\"widget\" data-widget_type=\"heading.default\">\n\t\t\t\t<div class=\"elementor-widget-container\">\n\t\t\t<style>\/*! elementor - v3.11.2 - 22-02-2023 *\/\n.elementor-heading-title{padding:0;margin:0;line-height:1}.elementor-widget-heading .elementor-heading-title[class*=elementor-size-]>a{color:inherit;font-size:inherit;line-height:inherit}.elementor-widget-heading .elementor-heading-title.elementor-size-small{font-size:15px}.elementor-widget-heading .elementor-heading-title.elementor-size-medium{font-size:19px}.elementor-widget-heading .elementor-heading-title.elementor-size-large{font-size:29px}.elementor-widget-heading .elementor-heading-title.elementor-size-xl{font-size:39px}.elementor-widget-heading .elementor-heading-title.elementor-size-xxl{font-size:59px}<\/style><span class=\"elementor-heading-title elementor-size-default\">La chapelotte<\/span>\t\t<\/div>\n\t\t\t\t<\/div>\n\t\t\t\t<div class=\"elementor-element elementor-element-330ad95 elementor-widget elementor-widget-image\" data-id=\"330ad95\" data-element_type=\"widget\" data-widget_type=\"image.default\">\n\t\t\t\t<div class=\"elementor-widget-container\">\n\t\t\t<style>\/*! elementor - v3.11.2 - 22-02-2023 *\/\n.elementor-widget-image{text-align:center}.elementor-widget-image a{display:inline-block}.elementor-widget-image a img[src$=\".svg\"]{width:48px}.elementor-widget-image img{vertical-align:middle;display:inline-block}<\/style>\t\t\t\t\t\t\t\t\t\t\t\t<img loading=\"lazy\" decoding=\"async\" width=\"800\" height=\"533\" src=\"http:\/\/paysdesabbayes.com\/wp-content\/uploads\/2023\/03\/940004762_4-1024x682.jpeg\" class=\"attachment-large size-large wp-image-580\" alt=\"\" srcset=\"http:\/\/paysdesabbayes.com\/wp-content\/uploads\/2023\/03\/940004762_4-1024x682.jpeg 1024w, http:\/\/paysdesabbayes.com\/wp-content\/uploads\/2023\/03\/940004762_4-300x200.jpeg 300w, http:\/\/paysdesabbayes.com\/wp-content\/uploads\/2023\/03\/940004762_4-768x512.jpeg 768w, http:\/\/paysdesabbayes.com\/wp-content\/uploads\/2023\/03\/940004762_4.jpeg 1280w\" sizes=\"auto, (max-width: 800px) 100vw, 800px\" \/>\t\t\t\t\t\t\t\t\t\t\t\t\t\t\t<\/div>\n\t\t\t\t<\/div>\n\t\t\t\t<div class=\"elementor-element elementor-element-3c238569 elementor-widget elementor-widget-text-editor\" data-id=\"3c238569\" data-element_type=\"widget\" data-widget_type=\"text-editor.default\">\n\t\t\t\t<div class=\"elementor-widget-container\">\n\t\t\t<style>\/*! elementor - v3.11.2 - 22-02-2023 *\/\n.elementor-widget-text-editor.elementor-drop-cap-view-stacked .elementor-drop-cap{background-color:#818a91;color:#fff}.elementor-widget-text-editor.elementor-drop-cap-view-framed .elementor-drop-cap{color:#818a91;border:3px solid;background-color:transparent}.elementor-widget-text-editor:not(.elementor-drop-cap-view-default) .elementor-drop-cap{margin-top:8px}.elementor-widget-text-editor:not(.elementor-drop-cap-view-default) .elementor-drop-cap-letter{width:1em;height:1em}.elementor-widget-text-editor .elementor-drop-cap{float:left;text-align:center;line-height:1;font-size:50px}.elementor-widget-text-editor .elementor-drop-cap-letter{display:inline-block}<\/style>\t\t\t\t<p>La Vall\u00e9e de la Plaine a gard\u00e9 de nombreuses traces du premier conflit mondial, souvent cach\u00e9es \u00e0 flanc de montagne. Territoire de m\u00e9moire, il permet l&rsquo;\u00e9tude de la guerre de montagne. Cette zone est le lieu de la premi\u00e8re destruction d&rsquo;un Zeppelin par fait de guerre et celui de la plus grande profondeur jamais atteinte dans la guerre souterraine. La galerie Chevrot au Col de la Chapelotte atteint 120 m\u00e8tres de profondeur !\u00a0<\/p><p><span style=\"color: var( --e-global-color-text ); font-family: var( --e-global-typography-text-font-family ), Sans-serif; font-size: var( --e-global-typography-text-font-size ); font-style: var( --e-global-typography-text-font-style ); font-weight: var( --e-global-typography-text-font-weight ); letter-spacing: var( --e-global-typography-text-letter-spacing ); text-transform: var( --e-global-typography-text-text-transform );\">Partez \u00e0 la d\u00e9couverte de ces vestiges exceptionnels en compagnie de guides passionn\u00e9s, de l&rsquo;arri\u00e8re front fran\u00e7ais \u00e0 l&rsquo;arri\u00e8re front allemand. Des deux c\u00f4t\u00e9s du front, ce furent de v\u00e9ritables usines qui furent cr\u00e9es pour cette guerre souterraine afin d&rsquo;alimenter les galeries en air et en \u00e9lectricit\u00e9. A voir au col m\u00eame : une fontaine construite par les soldats fran\u00e7ais, une chapelle \u00e9difi\u00e9e par la famille Cartier Bresson et \u00e0 proximit\u00e9 : les roches de la Pierre \u00e0 Cheval, la Grotte des Poilus, le sentier des roches, &#8230;\u00a0<\/span><\/p><p>\u00a0<\/p>\t\t\t\t\t\t<\/div>\n\t\t\t\t<\/div>\n\t\t\t\t\t<\/div>\n\t\t<\/div>\n\t\t\t\t\t\t\t<\/div>\n\t\t<\/section>\n\t\t\t\t<section class=\"elementor-section elementor-top-section elementor-element elementor-element-69b4c31b elementor-section-full_width elementor-section-height-default elementor-section-height-default\" data-id=\"69b4c31b\" data-element_type=\"section\">\n\t\t\t\t\t\t<div class=\"elementor-container elementor-column-gap-no\">\n\t\t\t\t\t<div class=\"elementor-column elementor-col-100 elementor-top-column elementor-element elementor-element-22fc854e\" data-id=\"22fc854e\" data-element_type=\"column\">\n\t\t\t<div class=\"elementor-widget-wrap elementor-element-populated\">\n\t\t\t\t\t\t\t\t<section class=\"elementor-section elementor-inner-section elementor-element elementor-element-2c40a0db elementor-section-full_width elementor-section-height-default elementor-section-height-default\" data-id=\"2c40a0db\" data-element_type=\"section\">\n\t\t\t\t\t\t<div class=\"elementor-container elementor-column-gap-no\">\n\t\t\t\t\t<div class=\"elementor-column elementor-col-33 elementor-inner-column elementor-element elementor-element-5cd0c301\" data-id=\"5cd0c301\" data-element_type=\"column\">\n\t\t\t<div class=\"elementor-widget-wrap elementor-element-populated\">\n\t\t\t\t\t\t\t\t<div class=\"elementor-element elementor-element-4247879f elementor-view-default elementor-mobile-position-top elementor-vertical-align-top elementor-widget elementor-widget-icon-box\" data-id=\"4247879f\" data-element_type=\"widget\" data-widget_type=\"icon-box.default\">\n\t\t\t\t<div class=\"elementor-widget-container\">\n\t\t\t<link rel=\"stylesheet\" href=\"http:\/\/paysdesabbayes.com\/wp-content\/plugins\/elementor\/assets\/css\/widget-icon-box.min.css\">\t\t<div class=\"elementor-icon-box-wrapper\">\n\t\t\t\t\t\t<div class=\"elementor-icon-box-icon\">\n\t\t\t\t<span class=\"elementor-icon elementor-animation-\" >\n\t\t\t\t<i aria-hidden=\"true\" class=\"fas fa-church\"><\/i>\t\t\t\t<\/span>\n\t\t\t<\/div>\n\t\t\t\t\t\t<div class=\"elementor-icon-box-content\">\n\t\t\t\t<h3 class=\"elementor-icon-box-title\">\n\t\t\t\t\t<span  >\n\t\t\t\t\t\tVisite libre\t\t\t\t\t<\/span>\n\t\t\t\t<\/h3>\n\t\t\t\t\t\t\t\t\t<p class=\"elementor-icon-box-description\">\n\t\t\t\t\t\tLa Chapelotte se visite librement toute l'ann\u00e9e <br>Des documents de visites pour petits et grands sont disponibles \u00e0 l'Office de Tourisme.\t\t\t\t\t<\/p>\n\t\t\t\t\t\t\t<\/div>\n\t\t<\/div>\n\t\t\t\t<\/div>\n\t\t\t\t<\/div>\n\t\t\t\t\t<\/div>\n\t\t<\/div>\n\t\t\t\t<div class=\"elementor-column elementor-col-33 elementor-inner-column elementor-element elementor-element-6520baea elementor-invisible\" data-id=\"6520baea\" data-element_type=\"column\" data-settings=\"{&quot;animation&quot;:&quot;fadeInUp&quot;}\">\n\t\t\t<div class=\"elementor-widget-wrap elementor-element-populated\">\n\t\t\t\t\t\t\t\t<div class=\"elementor-element elementor-element-25bf8167 elementor-view-default elementor-mobile-position-top elementor-vertical-align-top elementor-widget elementor-widget-icon-box\" data-id=\"25bf8167\" data-element_type=\"widget\" data-widget_type=\"icon-box.default\">\n\t\t\t\t<div class=\"elementor-widget-container\">\n\t\t\t\t\t<div class=\"elementor-icon-box-wrapper\">\n\t\t\t\t\t\t<div class=\"elementor-icon-box-icon\">\n\t\t\t\t<span class=\"elementor-icon elementor-animation-\" >\n\t\t\t\t<i aria-hidden=\"true\" class=\"fas fa-user-friends\"><\/i>\t\t\t\t<\/span>\n\t\t\t<\/div>\n\t\t\t\t\t\t<div class=\"elementor-icon-box-content\">\n\t\t\t\t<h3 class=\"elementor-icon-box-title\">\n\t\t\t\t\t<span  >\n\t\t\t\t\t\tVisite guid\u00e9e\t\t\t\t\t<\/span>\n\t\t\t\t<\/h3>\n\t\t\t\t\t\t\t\t\t<p class=\"elementor-icon-box-description\">\n\t\t\t\t\t\tDes visites guid\u00e9es et gratuite sont propos\u00e9es d'avril \u00e0 octobre.  Uniquement sur inscription \t\t\t\t\t<\/p>\n\t\t\t\t\t\t\t<\/div>\n\t\t<\/div>\n\t\t\t\t<\/div>\n\t\t\t\t<\/div>\n\t\t\t\t<div class=\"elementor-element elementor-element-7df90b69 elementor-icon-list--layout-inline elementor-list-item-link-full_width elementor-widget elementor-widget-icon-list\" data-id=\"7df90b69\" data-element_type=\"widget\" data-widget_type=\"icon-list.default\">\n\t\t\t\t<div class=\"elementor-widget-container\">\n\t\t\t<link rel=\"stylesheet\" href=\"http:\/\/paysdesabbayes.com\/wp-content\/plugins\/elementor\/assets\/css\/widget-icon-list.min.css\">\t\t<ul class=\"elementor-icon-list-items elementor-inline-items\">\n\t\t\t\t\t\t\t<li class=\"elementor-icon-list-item elementor-inline-item\">\n\t\t\t\t\t\t\t\t\t\t\t<span class=\"elementor-icon-list-icon\">\n\t\t\t\t\t\t\t<svg xmlns=\"http:\/\/www.w3.org\/2000\/svg\" id=\"b23d4742-0f9d-4cf4-82e3-adf7a8fbb92e\" data-name=\"Layer 1\" width=\"20.5\" height=\"21\" viewBox=\"0 0 20.5 21\"><path d=\"M12,0C6.201,0,0,6.201,0,12s6.201,9,12,9,8.5-5.701,8.5-11.5S17.799,0,12,0Zm4.4789,12.1437a.5.5,0,0,1-.6226.3352l-5-1.5A.5.5,0,0,1,10.5,10.5V5a.5.5,0,0,1,1,0v5.128l4.6437,1.3931A.5.5,0,0,1,16.4789,12.1437Z\" style=\"fill-rule:evenodd\"><\/path><\/svg>\t\t\t\t\t\t<\/span>\n\t\t\t\t\t\t\t\t\t\t<span class=\"elementor-icon-list-text\">2h<\/span>\n\t\t\t\t\t\t\t\t\t<\/li>\n\t\t\t\t\t\t\t\t<li class=\"elementor-icon-list-item elementor-inline-item\">\n\t\t\t\t\t\t\t\t\t\t\t<span class=\"elementor-icon-list-icon\">\n\t\t\t\t\t\t\t<i aria-hidden=\"true\" class=\"fas fa-euro-sign\"><\/i>\t\t\t\t\t\t<\/span>\n\t\t\t\t\t\t\t\t\t\t<span class=\"elementor-icon-list-text\">Gratuit<\/span>\n\t\t\t\t\t\t\t\t\t<\/li>\n\t\t\t\t\t\t<\/ul>\n\t\t\t\t<\/div>\n\t\t\t\t<\/div>\n\t\t\t\t\t<\/div>\n\t\t<\/div>\n\t\t\t\t<div class=\"elementor-column elementor-col-33 elementor-inner-column elementor-element elementor-element-17fed202 elementor-invisible\" data-id=\"17fed202\" data-element_type=\"column\" data-settings=\"{&quot;animation&quot;:&quot;fadeInUp&quot;,&quot;animation_delay&quot;:&quot;200&quot;}\">\n\t\t\t<div class=\"elementor-widget-wrap elementor-element-populated\">\n\t\t\t\t\t\t\t\t<div class=\"elementor-element elementor-element-4262e93f elementor-view-default elementor-mobile-position-top elementor-vertical-align-top elementor-widget elementor-widget-icon-box\" data-id=\"4262e93f\" data-element_type=\"widget\" data-widget_type=\"icon-box.default\">\n\t\t\t\t<div class=\"elementor-widget-container\">\n\t\t\t\t\t<div class=\"elementor-icon-box-wrapper\">\n\t\t\t\t\t\t<div class=\"elementor-icon-box-icon\">\n\t\t\t\t<span class=\"elementor-icon elementor-animation-\" >\n\t\t\t\t<i aria-hidden=\"true\" class=\"fas fa-users\"><\/i>\t\t\t\t<\/span>\n\t\t\t<\/div>\n\t\t\t\t\t\t<div class=\"elementor-icon-box-content\">\n\t\t\t\t<h3 class=\"elementor-icon-box-title\">\n\t\t\t\t\t<span  >\n\t\t\t\t\t\tEn groupe\t\t\t\t\t<\/span>\n\t\t\t\t<\/h3>\n\t\t\t\t\t\t\t\t\t<p class=\"elementor-icon-box-description\">\n\t\t\t\t\t\tLes visites pour les groupes \u00e0 partir de 10 personnes sont propos\u00e9es tout au long de l'ann\u00e9e sur r\u00e9servation\t\t\t\t\t<\/p>\n\t\t\t\t\t\t\t<\/div>\n\t\t<\/div>\n\t\t\t\t<\/div>\n\t\t\t\t<\/div>\n\t\t\t\t<div class=\"elementor-element elementor-element-317cf734 elementor-icon-list--layout-inline elementor-list-item-link-full_width elementor-widget elementor-widget-icon-list\" data-id=\"317cf734\" data-element_type=\"widget\" data-widget_type=\"icon-list.default\">\n\t\t\t\t<div class=\"elementor-widget-container\">\n\t\t\t\t\t<ul class=\"elementor-icon-list-items elementor-inline-items\">\n\t\t\t\t\t\t\t<li class=\"elementor-icon-list-item elementor-inline-item\">\n\t\t\t\t\t\t\t\t\t\t\t<span class=\"elementor-icon-list-icon\">\n\t\t\t\t\t\t\t<svg xmlns=\"http:\/\/www.w3.org\/2000\/svg\" id=\"b23d4742-0f9d-4cf4-82e3-adf7a8fbb92e\" data-name=\"Layer 1\" width=\"20.5\" height=\"21\" viewBox=\"0 0 20.5 21\"><path d=\"M12,0C6.201,0,0,6.201,0,12s6.201,9,12,9,8.5-5.701,8.5-11.5S17.799,0,12,0Zm4.4789,12.1437a.5.5,0,0,1-.6226.3352l-5-1.5A.5.5,0,0,1,10.5,10.5V5a.5.5,0,0,1,1,0v5.128l4.6437,1.3931A.5.5,0,0,1,16.4789,12.1437Z\" style=\"fill-rule:evenodd\"><\/path><\/svg>\t\t\t\t\t\t<\/span>\n\t\t\t\t\t\t\t\t\t\t<span class=\"elementor-icon-list-text\">1h30<\/span>\n\t\t\t\t\t\t\t\t\t<\/li>\n\t\t\t\t\t\t\t\t<li class=\"elementor-icon-list-item elementor-inline-item\">\n\t\t\t\t\t\t\t\t\t\t\t<span class=\"elementor-icon-list-icon\">\n\t\t\t\t\t\t\t<svg xmlns=\"http:\/\/www.w3.org\/2000\/svg\" id=\"a935e752-5eb7-4252-9b80-2fd12de78d24\" data-name=\"Layer 1\" width=\"21.8759\" height=\"20.0518\" viewBox=\"0 0 21.8759 20.0518\"><path d=\"M18.3355,3.4062c-3.73-4.44-9.8325-2.8413-14.2727.8888s-5.5366,8.1787-1.8066,12.6189,12.4667,5.1995,16.9069,1.47S22.0655,7.8464,18.3355,3.4062ZM15.1717,14.5a.5.5,0,0,1-.5-.5c0-.6693-.7938-2.5-3.5-2.5s-3.5,1.8307-3.5,2.5a.5.5,0,0,1-1,0,3.9232,3.9232,0,0,1,3.8169-3.4648,2.3393,2.3393,0,1,1,1.5517.0227A3.8892,3.8892,0,0,1,15.6717,14,.5.5,0,0,1,15.1717,14.5Z\" transform=\"translate(0 -0.7174)\"><\/path><path d=\"M12.6359,8.3393a1.3393,1.3393,0,1,0-1.3393,1.3393A1.3393,1.3393,0,0,0,12.6359,8.3393Z\" transform=\"translate(0 -0.7174)\"><\/path><\/svg>\t\t\t\t\t\t<\/span>\n\t\t\t\t\t\t\t\t\t\t<span class=\"elementor-icon-list-text\">min 10 personnes <\/span>\n\t\t\t\t\t\t\t\t\t<\/li>\n\t\t\t\t\t\t\t\t<li class=\"elementor-icon-list-item elementor-inline-item\">\n\t\t\t\t\t\t\t\t\t\t\t<span class=\"elementor-icon-list-icon\">\n\t\t\t\t\t\t\t<i aria-hidden=\"true\" class=\"fas fa-euro-sign\"><\/i>\t\t\t\t\t\t<\/span>\n\t\t\t\t\t\t\t\t\t\t<span class=\"elementor-icon-list-text\">Gratuit<\/span>\n\t\t\t\t\t\t\t\t\t<\/li>\n\t\t\t\t\t\t<\/ul>\n\t\t\t\t<\/div>\n\t\t\t\t<\/div>\n\t\t\t\t\t<\/div>\n\t\t<\/div>\n\t\t\t\t\t\t\t<\/div>\n\t\t<\/section>\n\t\t\t\t\t<\/div>\n\t\t<\/div>\n\t\t\t\t\t\t\t<\/div>\n\t\t<\/section>\n\t\t\t\t\t\t\t<\/div>\n\t\t","protected":false},"excerpt":{"rendered":"<p>La chapelotte La Vall\u00e9e de la Plaine a gard\u00e9 de nombreuses traces du premier conflit mondial, souvent cach\u00e9es \u00e0 flanc de montagne. Territoire de m\u00e9moire, il permet l&rsquo;\u00e9tude de la guerre de montagne. Cette zone est le lieu de la premi\u00e8re destruction d&rsquo;un Zeppelin par fait de guerre et celui de la plus grande profondeur [&hellip;]<\/p>\n","protected":false},"author":1,"featured_media":0,"parent":0,"menu_order":0,"comment_status":"closed","ping_status":"closed","template":"","meta":{"footnotes":""},"class_list":["post-248","page","type-page","status-publish","hentry"],"_links":{"self":[{"href":"http:\/\/paysdesabbayes.com\/index.php?rest_route=\/wp\/v2\/pages\/248","targetHints":{"allow":["GET"]}}],"collection":[{"href":"http:\/\/paysdesabbayes.com\/index.php?rest_route=\/wp\/v2\/pages"}],"about":[{"href":"http:\/\/paysdesabbayes.com\/index.php?rest_route=\/wp\/v2\/types\/page"}],"author":[{"embeddable":true,"href":"http:\/\/paysdesabbayes.com\/index.php?rest_route=\/wp\/v2\/users\/1"}],"replies":[{"embeddable":true,"href":"http:\/\/paysdesabbayes.com\/index.php?rest_route=%2Fwp%2Fv2%2Fcomments&post=248"}],"version-history":[{"count":13,"href":"http:\/\/paysdesabbayes.com\/index.php?rest_route=\/wp\/v2\/pages\/248\/revisions"}],"predecessor-version":[{"id":609,"href":"http:\/\/paysdesabbayes.com\/index.php?rest_route=\/wp\/v2\/pages\/248\/revisions\/609"}],"wp:attachment":[{"href":"http:\/\/paysdesabbayes.com\/index.php?rest_route=%2Fwp%2Fv2%2Fmedia&parent=248"}],"curies":[{"name":"wp","href":"https:\/\/api.w.org\/{rel}","templated":true}]}}